{"id":189,"date":"2023-11-11T17:58:00","date_gmt":"2023-11-11T16:58:00","guid":{"rendered":"http:\/\/formation-rebouteux.fr\/?page_id=189"},"modified":"2026-04-25T09:31:35","modified_gmt":"2026-04-25T07:31:35","slug":"tarifs-2","status":"publish","type":"page","link":"https:\/\/formation-rebouteux.fr\/?page_id=189","title":{"rendered":"FORMATIONS"},"content":{"rendered":"\t\t<div data-elementor-type=\"wp-page\" data-elementor-id=\"189\" class=\"elementor elementor-189\">\n\t\t\t\t<div class=\"elementor-element elementor-element-407bdb09 e-con-full e-flex wpr-particle-no wpr-jarallax-no wpr-parallax-no wpr-sticky-section-no e-con e-parent\" data-id=\"407bdb09\" data-element_type=\"container\">\n\t\t\t\t<div class=\"elementor-element elementor-element-3d639dfa elementor-widget elementor-widget-text-editor\" data-id=\"3d639dfa\" data-element_type=\"widget\" data-widget_type=\"text-editor.default\">\n\t\t\t\t<div class=\"elementor-widget-container\">\n\t\t\t<style>\/*! elementor - v3.21.0 - 26-05-2024 *\/\n.elementor-widget-text-editor.elementor-drop-cap-view-stacked .elementor-drop-cap{background-color:#69727d;color:#fff}.elementor-widget-text-editor.elementor-drop-cap-view-framed .elementor-drop-cap{color:#69727d;border:3px solid;background-color:transparent}.elementor-widget-text-editor:not(.elementor-drop-cap-view-default) .elementor-drop-cap{margin-top:8px}.elementor-widget-text-editor:not(.elementor-drop-cap-view-default) .elementor-drop-cap-letter{width:1em;height:1em}.elementor-widget-text-editor .elementor-drop-cap{float:left;text-align:center;line-height:1;font-size:50px}.elementor-widget-text-editor .elementor-drop-cap-letter{display:inline-block}<\/style>\t\t\t\t<h3 style=\"text-align: center;\"><span style=\"color: #33cccc;\"><strong>Formation Ost\u00e9o-Rebouteux\u00ae<\/strong><\/span><\/h3><hr \/><div><hr \/><\/div><div><ul><li><span style=\"color: #000000;\"><strong>Prochaine Formation au BOURGET DU LAC (73)<\/strong><\/span><\/li><li><span style=\"color: #000000;\"><strong>Du lundi 26 Octobre au vendredi 30 Octobre 2026<\/strong><\/span><\/li><li><span style=\"color: #000000;\"><strong>Soit 40 heures Pratiques et Th\u00e9oriques<\/strong><\/span><\/li><li><strong><span style=\"color: #000000;\">Places limit\u00e9es pour garantir la qualit\u00e9 de l&rsquo;apprentissage<\/span><\/strong><\/li><\/ul><ul><li><span style=\"color: #000000;\"><strong>Atelier \u00ab\u00a0<span style=\"color: #33cccc;\">Introduction au magn\u00e9tisme<\/span>\u00a0\u00bb (samedi 31 octobre 2026) inclus pour toute inscription avant le 31 Juillet 2026<\/strong><\/span><\/li><\/ul><\/div><ul><li><strong><span style=\"color: #000000;\">Accompagnement post-formation, un conseil et suivi gratuit est assur\u00e9 pour tous nos \u00e9l\u00e8ves apr\u00e8s leur cursus Ost\u00e9o Rebouteux\u00ae\u00a0<\/span><\/strong><\/li><\/ul><div><p style=\"text-align: center;\"><a href=\"http:\/\/formation-rebouteux.fr\/?p=366\"><span style=\"color: #ff0000;\"><span style=\"color: #33cccc;\"><strong><span style=\"color: #ff0000;\">\u2192<\/span><\/strong><em><strong>LA FORMATION OSTEO REBOUTEUX<\/strong><\/em><\/span><\/span><\/a> <span style=\"color: #ff0000;\"><strong>\u2190<\/strong><\/span><\/p><\/div><p style=\"text-align: center;\"><a href=\"http:\/\/formation-rebouteux.fr\/?p=1024\" style=\"color: #89229b; opacity: 0.75;\"><span style=\"color: #000000;\"><em><strong><span style=\"color: #3366ff;\"><span style=\"color: #33cccc;\"><\/span><\/span><\/strong><\/em><\/span><\/a><span style=\"color: #ff0000;\"><a href=\"http:\/\/formation-rebouteux.fr\/?p=1024\" style=\"color: #ff0000;\"><em><strong>\u2192<\/strong><\/em><\/a><\/span><a href=\"http:\/\/formation-rebouteux.fr\/?p=1024\"><span style=\"color: #000000;\"><em><strong><span style=\"color: #33cccc;\"> INTRODUCTION AU MAGNETISME\u00a0<\/span>\u00a0<\/strong><\/em><\/span><span style=\"color: #ff0000;\"><strong>\u2190<\/strong><\/span><\/a><\/p><pre><\/pre><hr \/><h2><img fetchpriority=\"high\" decoding=\"async\" src=\"http:\/\/formation-rebouteux.fr\/wp-content\/uploads\/2025\/01\/IMG-20241024-WA0010-225x300.jpg\" alt=\"\" width=\"215\" height=\"287\" class=\"wp-image-2405 alignleft\" srcset=\"https:\/\/formation-rebouteux.fr\/wp-content\/uploads\/2025\/01\/IMG-20241024-WA0010-225x300.jpg 225w, https:\/\/formation-rebouteux.fr\/wp-content\/uploads\/2025\/01\/IMG-20241024-WA0010-768x1024.jpg 768w, https:\/\/formation-rebouteux.fr\/wp-content\/uploads\/2025\/01\/IMG-20241024-WA0010-1152x1536.jpg 1152w, https:\/\/formation-rebouteux.fr\/wp-content\/uploads\/2025\/01\/IMG-20241024-WA0010.jpg 1200w\" sizes=\"(max-width: 215px) 100vw, 215px\" \/><img decoding=\"async\" src=\"http:\/\/formation-rebouteux.fr\/wp-content\/uploads\/2025\/01\/IMG_20250115_140312-290x300.jpg\" alt=\"\" width=\"277\" height=\"287\" class=\"wp-image-2371 aligncenter\" data-wp-editing=\"1\" srcset=\"https:\/\/formation-rebouteux.fr\/wp-content\/uploads\/2025\/01\/IMG_20250115_140312-290x300.jpg 290w, https:\/\/formation-rebouteux.fr\/wp-content\/uploads\/2025\/01\/IMG_20250115_140312-989x1024.jpg 989w, https:\/\/formation-rebouteux.fr\/wp-content\/uploads\/2025\/01\/IMG_20250115_140312-768x795.jpg 768w, https:\/\/formation-rebouteux.fr\/wp-content\/uploads\/2025\/01\/IMG_20250115_140312.jpg 1483w\" sizes=\"(max-width: 277px) 100vw, 277px\" \/><\/h2><hr \/><h2><\/h2><h2 style=\"text-align: center;\"><span style=\"color: #33cccc;\"><strong>INSCRIPTIONS<\/strong><\/span><\/h2><p><span style=\"color: #000000;\">C&rsquo;est simple et<strong> sans pr\u00e9-requis !<\/strong><\/span><\/p><p><span style=\"color: #000000;\">Consultez les dates et disponibilit\u00e9s par mail <strong><span style=\"color: #33cccc;\">formationrebouteux@gmail.com<\/span> <\/strong>ou au<strong> <span style=\"color: #33cccc;\">06.68.57.15.11<\/span><br \/><\/strong><\/span><\/p><p><strong><span style=\"color: #000000;\">Suite \u00e0 notre premier \u00e9change, <\/span><span style=\"color: #000000;\">nous vous ferons parvenir un dossier d&rsquo;inscription personnalis\u00e9.<\/span><span style=\"color: #000000;\">\u00a0 \u00a0 \u00a0 \u00a0 \u00a0\u00a0<\/span><\/strong><\/p><p><span style=\"color: #ff0000;\"><span style=\"color: #000000;\"><strong>Votre place est r\u00e9serv\u00e9e d\u00e8s que nous recevons votre dossier complet<\/strong> (par courrier) ainsi que les r\u00e8glements contractuels (bulletin d&rsquo;inscription, contrat de formation professionnelle)<\/span><\/span><strong><span style=\"color: #ff0000;\"><em><\/em><\/span><\/strong><\/p><p><span style=\"color: #999999;\"><em>Les informations qui figurent sur ce site sont donn\u00e9es \u00e0 titre indicatif et ne constituent pas un engagement contractuel d\u00e9finitif. <\/em><em>En aucun cas ces informations ne sont susceptibles de se substituer \u00e0 une consultation ou un diagnostic effectu\u00e9 par un professionnel de sant\u00e9. Les tarifs sont HT, hors frais de repas et de logement.\u00a0<\/em><\/span><\/p>\t\t\t\t\t\t<\/div>\n\t\t\t\t<\/div>\n\t\t\t\t<\/div>\n\t\t\t\t<\/div>\n\t\t","protected":false},"excerpt":{"rendered":"<p>Formation Ost\u00e9o-Rebouteux\u00ae Prochaine Formation au BOURGET DU LAC (73) Du lundi 26 Octobre au vendredi 30 Octobre 2026 Soit 40 heures Pratiques et Th\u00e9oriques Places limit\u00e9es pour garantir la qualit\u00e9 de l&rsquo;apprentissage Atelier \u00ab\u00a0Introduction au magn\u00e9tisme\u00a0\u00bb (samedi 31 octobre 2026) inclus pour toute inscription avant le 31 Juillet 2026 Accompagnement<\/p>\n","protected":false},"author":1,"featured_media":0,"parent":0,"menu_order":3,"comment_status":"closed","ping_status":"closed","template":"","meta":{"footnotes":""},"aioseo_notices":[],"_links":{"self":[{"href":"https:\/\/formation-rebouteux.fr\/index.php?rest_route=\/wp\/v2\/pages\/189"}],"collection":[{"href":"https:\/\/formation-rebouteux.fr\/index.php?rest_route=\/wp\/v2\/pages"}],"about":[{"href":"https:\/\/formation-rebouteux.fr\/index.php?rest_route=\/wp\/v2\/types\/page"}],"author":[{"embeddable":true,"href":"https:\/\/formation-rebouteux.fr\/index.php?rest_route=\/wp\/v2\/users\/1"}],"replies":[{"embeddable":true,"href":"https:\/\/formation-rebouteux.fr\/index.php?rest_route=%2Fwp%2Fv2%2Fcomments&post=189"}],"version-history":[{"count":999,"href":"https:\/\/formation-rebouteux.fr\/index.php?rest_route=\/wp\/v2\/pages\/189\/revisions"}],"predecessor-version":[{"id":3409,"href":"https:\/\/formation-rebouteux.fr\/index.php?rest_route=\/wp\/v2\/pages\/189\/revisions\/3409"}],"wp:attachment":[{"href":"https:\/\/formation-rebouteux.fr\/index.php?rest_route=%2Fwp%2Fv2%2Fmedia&parent=189"}],"curies":[{"name":"wp","href":"https:\/\/api.w.org\/{rel}","templated":true}]}}