{"id":147,"date":"2023-11-15T17:38:00","date_gmt":"2023-11-15T16:38:00","guid":{"rendered":"http:\/\/formation-rebouteux.fr\/?page_id=147"},"modified":"2025-12-12T08:13:55","modified_gmt":"2025-12-12T07:13:55","slug":"mentions-legales","status":"publish","type":"page","link":"http:\/\/formation-rebouteux.fr\/?page_id=147","title":{"rendered":"MENTIONS LEGALES"},"content":{"rendered":"<h5><em><strong>Publication, R\u00e9daction et Edition du site internet www.formation-rebouteux.fr<\/strong><\/em><\/h5>\n<hr \/>\n<p>Christophe Bourgeois<br \/>\n620 route de la Serraz<br \/>\n73370 LE BOURGET DU LAC<br \/>\nFrance<br \/>\nTel : 06.68.57.15.11<\/p>\n<p>Mail : formationrebouteux@gmail.com<\/p>\n<p>Immatriculation : RCS Annecy<\/p>\n<p>N\u00b0 Siret : 483 759 478 00033<\/p>\n<p>Code NAF : <span id=\"verif_fiche.code.naf\">8690F<\/span><\/p>\n<h5><em><strong>H\u00e9bergement<\/strong><\/em><\/h5>\n<hr \/>\n<p>OVH<br \/>\n2 rue Kellermann<br \/>\n59100 Roubaix<br \/>\nFrance<\/p>\n<h5><em><strong>DROITS D&rsquo;AUTEUR \u00a9 Copyright<\/strong><\/em><\/h5>\n<hr \/>\n<p><em>L&rsquo;ensemble des donn\u00e9es contenu sur ce site, y compris les textes, les marques, logos, photographies, infographies, est prot\u00e9g\u00e9 dans le sens des articles L713-1 et L713-2 du code de la propri\u00e9t\u00e9 intellectuelle. Les photographies figurant sur le site sont la propri\u00e9t\u00e9 de Christophe Bourgeois ou d&rsquo;autres entreprises.<\/em><br \/>\n<em> Toute reproduction totale ou m\u00eame partielle du site \u00abwww.formation-rebouteux.fr\u00bb, et par quelque proc\u00e9d\u00e9 que ce soit, est interdite sans autorisation \u00e9crite de son \u00e9diteur.<\/em><br \/>\n<em> De m\u00eame le terme <strong>ost\u00e9o-rebouteux<span style=\"color: #000000;\">\u00ae<\/span><\/strong> est d\u00e9pos\u00e9 \u00e0 l&rsquo;<strong>INPI<\/strong> et l&rsquo;utilisation de ce terme fait l&rsquo;objet d&rsquo;un droit d&rsquo;usage.<\/em><br \/>\n<em> Le terme <strong>OSTEO-REBOUTEUX\u00ae<\/strong> accompagn\u00e9 du symbole <strong>R<\/strong> signifiant <strong>\u00abmarque enregistr\u00e9e\u00bb<\/strong> ne peut \u00eatre utilis\u00e9 sans l&rsquo;accord \u00e9crit de Christophe Bourgeois. Veuillez noter que l&rsquo;absence de marque ne constitue pas une renonciation des droits de propri\u00e9t\u00e9 intellectuelle, le site internet ayant fait l&rsquo;objet d&rsquo;un <strong>d\u00e9p\u00f4t en copyright\u00a9<\/strong>. La musique utilis\u00e9e est libre de droit :\u00a0\u00a0\u00bbnow\u00a0\u00bb par Plume \/ https:\/\/creativecommons.org\/licenses\/.by\/4.0\/<\/em><\/p>\n<h5><strong><em>OSTEO-REBOUTEUX\u00ae<\/em><\/strong><\/h5>\n<hr \/>\n<div class=\"row\">\n<div class=\"col-s-center col-s-12 col-l-8 marginTop80 marginBottom40\">\n<p><em>La m\u00e9thode dite \u00abOst\u00e9o-rebouteux\u00ae\u00bb \u00e0 pour objectif l&rsquo;\u00e9change et le partage des techniques manuelles et \u00e9nerg\u00e9tiques. Ces techniques ne sont en aucun cas des conseils ou des traitements d&rsquo;ordre m\u00e9dical et ne peuvent \u00eatre interpr\u00e9t\u00e9es comme pouvant l&rsquo;\u00eatre, et, ne peuvent donc pas donner lieu \u00e0 un diagnostic. Les informations dispens\u00e9es sur ce site internet, ou le cas \u00e9ch\u00e9ant, par l&rsquo;interm\u00e9diaire des s\u00e9minaires propos\u00e9s au moyen de Formations et Ateliers pratiques et\/ou th\u00e9oriques, ne s&rsquo;apparentent \u00e0 aucune pratique m\u00e9dicale ou param\u00e9dicale. L&rsquo;Ost\u00e9o-Rebouteux\u00ae n&rsquo;est pas un m\u00e9decin et ne le remplace pas, il ne s&rsquo;apparente en rien au kin\u00e9sith\u00e9rapeute-r\u00e9\u00e9ducateur ni \u00e0 l&rsquo;ost\u00e9opathe DO. <strong>Les Ateliers<\/strong> <strong>pratiques et th\u00e9oriques<\/strong> ne peuvent s&rsquo;inscrire ni \u00eatre interpr\u00e9t\u00e9s comme une action de formation professionnelle ou continue (au sens du code du travail) et n&rsquo;ouvrent donc pas de droits \u00e0 une quelconque certification ou dipl\u00f4me professionnel ni financement \u00e0 ce titre.<br \/>\n<\/em><\/p>\n<\/div>\n<h5><em><strong>Protection des Donn\u00e9es personnelles et Contenus<\/strong><\/em><\/h5>\n<hr \/>\n<div class=\"col-s-center col-s-12 col-l-8 marginTop80 marginBottom40\">\n<p><em>La connexion au site www.formation-rebouteux.fr est au risque exclusif des utilisateurs, en aucun cas son cr\u00e9ateur ou ses tiers ne peuvent \u00eatre responsable des dommages de quelque nature que se soit d\u00e9coulant de ce site internet. Aucune information personnelle n&rsquo;est collect\u00e9e \u00e0 l&rsquo;insu des utilisateurs ni c\u00e9d\u00e9e \u00e0 des tiers.<\/em><\/p>\n<\/div>\n<\/div>\n<p><a href=\"http:\/\/formation-osteo-rebouteux.copyright01.com\/\" target=\"_blank\" rel=\"noopener\"><br \/>\n<img decoding=\"async\" src=\"http:\/\/www.copyright01.com\/buttons\/6578\/7.png\" alt=\"Copyright S27O88\" \/><\/a><\/p>\n","protected":false},"excerpt":{"rendered":"<p>Publication, R\u00e9daction et Edition du site internet www.formation-rebouteux.fr Christophe Bourgeois 620 route de la Serraz 73370 LE BOURGET DU LAC France Tel : 06.68.57.15.11 Mail : formationrebouteux@gmail.com Immatriculation : RCS Annecy N\u00b0 Siret : 483 759 478 00033 Code NAF : 8690F H\u00e9bergement OVH 2 rue Kellermann 59100 Roubaix France<\/p>\n","protected":false},"author":1,"featured_media":0,"parent":0,"menu_order":4,"comment_status":"closed","ping_status":"closed","template":"","meta":{"footnotes":""},"aioseo_notices":[],"_links":{"self":[{"href":"http:\/\/formation-rebouteux.fr\/index.php?rest_route=\/wp\/v2\/pages\/147"}],"collection":[{"href":"http:\/\/formation-rebouteux.fr\/index.php?rest_route=\/wp\/v2\/pages"}],"about":[{"href":"http:\/\/formation-rebouteux.fr\/index.php?rest_route=\/wp\/v2\/types\/page"}],"author":[{"embeddable":true,"href":"http:\/\/formation-rebouteux.fr\/index.php?rest_route=\/wp\/v2\/users\/1"}],"replies":[{"embeddable":true,"href":"http:\/\/formation-rebouteux.fr\/index.php?rest_route=%2Fwp%2Fv2%2Fcomments&post=147"}],"version-history":[{"count":68,"href":"http:\/\/formation-rebouteux.fr\/index.php?rest_route=\/wp\/v2\/pages\/147\/revisions"}],"predecessor-version":[{"id":2916,"href":"http:\/\/formation-rebouteux.fr\/index.php?rest_route=\/wp\/v2\/pages\/147\/revisions\/2916"}],"wp:attachment":[{"href":"http:\/\/formation-rebouteux.fr\/index.php?rest_route=%2Fwp%2Fv2%2Fmedia&parent=147"}],"curies":[{"name":"wp","href":"https:\/\/api.w.org\/{rel}","templated":true}]}}